{"id":415,"date":"2023-01-05T16:17:13","date_gmt":"2023-01-05T21:17:13","guid":{"rendered":"https:\/\/aplantex.ca\/developpement-durable\/"},"modified":"2024-12-02T09:37:57","modified_gmt":"2024-12-02T14:37:57","slug":"sustainable-development","status":"publish","type":"page","link":"https:\/\/aplantex.ca\/en\/sustainable-development\/","title":{"rendered":"Sustainable development"},"content":{"rendered":"","protected":false},"excerpt":{"rendered":"","protected":false},"author":1,"featured_media":0,"parent":0,"menu_order":0,"comment_status":"closed","ping_status":"closed","template":"template-durable.php","meta":{"_acf_changed":false,"footnotes":""},"class_list":["post-415","page","type-page","status-publish","hentry"],"acf":[],"yoast_head":"<!-- This site is optimized with the Yoast SEO plugin v27.1.1 - https:\/\/yoast.com\/product\/yoast-seo-wordpress\/ -->\n<title>Sustainable development - Aplantex<\/title>\n<meta name=\"description\" content=\"Our commitment to sustainable development emphasizes environmentally responsible practices while also producing plant-based molecules with high added value.\" \/>\n<meta name=\"robots\" content=\"index, follow, max-snippet:-1, max-image-preview:large, max-video-preview:-1\" \/>\n<link rel=\"canonical\" href=\"https:\/\/aplantex.ca\/en\/sustainable-development\/\" \/>\n<meta property=\"og:locale\" content=\"en_US\" \/>\n<meta property=\"og:type\" content=\"article\" \/>\n<meta property=\"og:title\" content=\"Sustainable development - Aplantex\" \/>\n<meta property=\"og:description\" content=\"Les phytor\u00e9plicateurs photosynth\u00e9tiques d\u2019Aplantex captent et assimilent le CO2 atmosph\u00e9rique et leur croissance est permise par la lumi\u00e8re et les sels min\u00e9raux dissous dans l\u2019eau. Les phytor\u00e9plicateurs emmagasinent jusqu\u2019\u00e0 40 % de leur poids sec de carbone provenant du CO2 atmosph\u00e9rique. Ils repr\u00e9sentent donc une mani\u00e8re plus \u00e9coresponsable de produire des mol\u00e9cules bioactives que les plateformes biotechnologiques classiques bas\u00e9es sur les microorganismes ou encore l\u2019industrie chimique conventionnelle. Ils permettent \u00e9galement de r\u00e9orienter les sucres et les peptones n\u00e9cessaires au processus biotechnologique classique vers l\u2019alimentation humaine et animale.\" \/>\n<meta property=\"og:url\" content=\"https:\/\/aplantex.ca\/en\/sustainable-development\/\" \/>\n<meta property=\"og:site_name\" content=\"Aplantex\" \/>\n<meta property=\"article:publisher\" content=\"https:\/\/www.facebook.com\/Aplantex\/\" \/>\n<meta property=\"article:modified_time\" content=\"2024-12-02T14:37:57+00:00\" \/>\n<meta property=\"og:image\" content=\"https:\/\/aplantex.ca\/wp-content\/uploads\/2023\/01\/APLANTEX_FB_Cover.jpg\" \/>\n\t<meta property=\"og:image:width\" content=\"820\" \/>\n\t<meta property=\"og:image:height\" content=\"360\" \/>\n\t<meta property=\"og:image:type\" content=\"image\/jpeg\" \/>\n<meta name=\"twitter:card\" content=\"summary_large_image\" \/>\n<meta name=\"twitter:title\" content=\"Sustainable development - Aplantex\" \/>\n<meta name=\"twitter:description\" content=\"Les phytor\u00e9plicateurs photosynth\u00e9tiques d\u2019Aplantex captent et assimilent le CO2 atmosph\u00e9rique et leur croissance est permise par la lumi\u00e8re et les sels min\u00e9raux dissous dans l\u2019eau. Les phytor\u00e9plicateurs emmagasinent jusqu\u2019\u00e0 40 % de leur poids sec de carbone provenant du CO2 atmosph\u00e9rique. Ils repr\u00e9sentent donc une mani\u00e8re plus \u00e9coresponsable de produire des mol\u00e9cules bioactives que les plateformes biotechnologiques classiques bas\u00e9es sur les microorganismes ou encore l\u2019industrie chimique conventionnelle. Ils permettent \u00e9galement de r\u00e9orienter les sucres et les peptones n\u00e9cessaires au processus biotechnologique classique vers l\u2019alimentation humaine et animale.\" \/>\n<meta name=\"twitter:image\" content=\"https:\/\/aplantex.ca\/wp-content\/uploads\/2023\/01\/APLANTEX_FB_Cover.jpg\" \/>\n<meta name=\"twitter:site\" content=\"@AplantexCanada\" \/>\n<script type=\"application\/ld+json\" class=\"yoast-schema-graph\">{\"@context\":\"https:\/\/schema.org\",\"@graph\":[{\"@type\":\"WebPage\",\"@id\":\"https:\/\/aplantex.ca\/en\/sustainable-development\/\",\"url\":\"https:\/\/aplantex.ca\/en\/sustainable-development\/\",\"name\":\"Sustainable development - Aplantex\",\"isPartOf\":{\"@id\":\"https:\/\/aplantex.ca\/en\/#website\"},\"datePublished\":\"2023-01-05T21:17:13+00:00\",\"dateModified\":\"2024-12-02T14:37:57+00:00\",\"description\":\"Our commitment to sustainable development emphasizes environmentally responsible practices while also producing plant-based molecules with high added value.\",\"breadcrumb\":{\"@id\":\"https:\/\/aplantex.ca\/en\/sustainable-development\/#breadcrumb\"},\"inLanguage\":\"en-US\",\"potentialAction\":[{\"@type\":\"ReadAction\",\"target\":[\"https:\/\/aplantex.ca\/en\/sustainable-development\/\"]}]},{\"@type\":\"BreadcrumbList\",\"@id\":\"https:\/\/aplantex.ca\/en\/sustainable-development\/#breadcrumb\",\"itemListElement\":[{\"@type\":\"ListItem\",\"position\":1,\"name\":\"Accueil\",\"item\":\"https:\/\/aplantex.ca\/en\/\"},{\"@type\":\"ListItem\",\"position\":2,\"name\":\"Sustainable development\"}]},{\"@type\":\"WebSite\",\"@id\":\"https:\/\/aplantex.ca\/en\/#website\",\"url\":\"https:\/\/aplantex.ca\/en\/\",\"name\":\"Aplantex\",\"description\":\"L\u2019innovation au c\u0153ur de notre ADN\",\"potentialAction\":[{\"@type\":\"SearchAction\",\"target\":{\"@type\":\"EntryPoint\",\"urlTemplate\":\"https:\/\/aplantex.ca\/en\/?s={search_term_string}\"},\"query-input\":{\"@type\":\"PropertyValueSpecification\",\"valueRequired\":true,\"valueName\":\"search_term_string\"}}],\"inLanguage\":\"en-US\"}]}<\/script>\n<!-- \/ Yoast SEO plugin. -->","yoast_head_json":{"title":"Sustainable development - Aplantex","description":"Our commitment to sustainable development emphasizes environmentally responsible practices while also producing plant-based molecules with high added value.","robots":{"index":"index","follow":"follow","max-snippet":"max-snippet:-1","max-image-preview":"max-image-preview:large","max-video-preview":"max-video-preview:-1"},"canonical":"https:\/\/aplantex.ca\/en\/sustainable-development\/","og_locale":"en_US","og_type":"article","og_title":"Sustainable development - Aplantex","og_description":"Les phytor\u00e9plicateurs photosynth\u00e9tiques d\u2019Aplantex captent et assimilent le CO2 atmosph\u00e9rique et leur croissance est permise par la lumi\u00e8re et les sels min\u00e9raux dissous dans l\u2019eau. Les phytor\u00e9plicateurs emmagasinent jusqu\u2019\u00e0 40 % de leur poids sec de carbone provenant du CO2 atmosph\u00e9rique. Ils repr\u00e9sentent donc une mani\u00e8re plus \u00e9coresponsable de produire des mol\u00e9cules bioactives que les plateformes biotechnologiques classiques bas\u00e9es sur les microorganismes ou encore l\u2019industrie chimique conventionnelle. Ils permettent \u00e9galement de r\u00e9orienter les sucres et les peptones n\u00e9cessaires au processus biotechnologique classique vers l\u2019alimentation humaine et animale.","og_url":"https:\/\/aplantex.ca\/en\/sustainable-development\/","og_site_name":"Aplantex","article_publisher":"https:\/\/www.facebook.com\/Aplantex\/","article_modified_time":"2024-12-02T14:37:57+00:00","og_image":[{"width":820,"height":360,"url":"https:\/\/aplantex.ca\/wp-content\/uploads\/2023\/01\/APLANTEX_FB_Cover.jpg","type":"image\/jpeg"}],"twitter_card":"summary_large_image","twitter_title":"Sustainable development - Aplantex","twitter_description":"Les phytor\u00e9plicateurs photosynth\u00e9tiques d\u2019Aplantex captent et assimilent le CO2 atmosph\u00e9rique et leur croissance est permise par la lumi\u00e8re et les sels min\u00e9raux dissous dans l\u2019eau. Les phytor\u00e9plicateurs emmagasinent jusqu\u2019\u00e0 40 % de leur poids sec de carbone provenant du CO2 atmosph\u00e9rique. Ils repr\u00e9sentent donc une mani\u00e8re plus \u00e9coresponsable de produire des mol\u00e9cules bioactives que les plateformes biotechnologiques classiques bas\u00e9es sur les microorganismes ou encore l\u2019industrie chimique conventionnelle. Ils permettent \u00e9galement de r\u00e9orienter les sucres et les peptones n\u00e9cessaires au processus biotechnologique classique vers l\u2019alimentation humaine et animale.","twitter_image":"https:\/\/aplantex.ca\/wp-content\/uploads\/2023\/01\/APLANTEX_FB_Cover.jpg","twitter_site":"@AplantexCanada","schema":{"@context":"https:\/\/schema.org","@graph":[{"@type":"WebPage","@id":"https:\/\/aplantex.ca\/en\/sustainable-development\/","url":"https:\/\/aplantex.ca\/en\/sustainable-development\/","name":"Sustainable development - Aplantex","isPartOf":{"@id":"https:\/\/aplantex.ca\/en\/#website"},"datePublished":"2023-01-05T21:17:13+00:00","dateModified":"2024-12-02T14:37:57+00:00","description":"Our commitment to sustainable development emphasizes environmentally responsible practices while also producing plant-based molecules with high added value.","breadcrumb":{"@id":"https:\/\/aplantex.ca\/en\/sustainable-development\/#breadcrumb"},"inLanguage":"en-US","potentialAction":[{"@type":"ReadAction","target":["https:\/\/aplantex.ca\/en\/sustainable-development\/"]}]},{"@type":"BreadcrumbList","@id":"https:\/\/aplantex.ca\/en\/sustainable-development\/#breadcrumb","itemListElement":[{"@type":"ListItem","position":1,"name":"Accueil","item":"https:\/\/aplantex.ca\/en\/"},{"@type":"ListItem","position":2,"name":"Sustainable development"}]},{"@type":"WebSite","@id":"https:\/\/aplantex.ca\/en\/#website","url":"https:\/\/aplantex.ca\/en\/","name":"Aplantex","description":"L\u2019innovation au c\u0153ur de notre ADN","potentialAction":[{"@type":"SearchAction","target":{"@type":"EntryPoint","urlTemplate":"https:\/\/aplantex.ca\/en\/?s={search_term_string}"},"query-input":{"@type":"PropertyValueSpecification","valueRequired":true,"valueName":"search_term_string"}}],"inLanguage":"en-US"}]}},"_links":{"self":[{"href":"https:\/\/aplantex.ca\/en\/wp-json\/wp\/v2\/pages\/415","targetHints":{"allow":["GET"]}}],"collection":[{"href":"https:\/\/aplantex.ca\/en\/wp-json\/wp\/v2\/pages"}],"about":[{"href":"https:\/\/aplantex.ca\/en\/wp-json\/wp\/v2\/types\/page"}],"author":[{"embeddable":true,"href":"https:\/\/aplantex.ca\/en\/wp-json\/wp\/v2\/users\/1"}],"replies":[{"embeddable":true,"href":"https:\/\/aplantex.ca\/en\/wp-json\/wp\/v2\/comments?post=415"}],"version-history":[{"count":5,"href":"https:\/\/aplantex.ca\/en\/wp-json\/wp\/v2\/pages\/415\/revisions"}],"predecessor-version":[{"id":1532,"href":"https:\/\/aplantex.ca\/en\/wp-json\/wp\/v2\/pages\/415\/revisions\/1532"}],"wp:attachment":[{"href":"https:\/\/aplantex.ca\/en\/wp-json\/wp\/v2\/media?parent=415"}],"curies":[{"name":"wp","href":"https:\/\/api.w.org\/{rel}","templated":true}]}}