{"id":398,"date":"2023-01-04T10:49:07","date_gmt":"2023-01-04T15:49:07","guid":{"rendered":"https:\/\/aplantex.ca\/notre-equipe\/"},"modified":"2023-02-03T15:21:14","modified_gmt":"2023-02-03T20:21:14","slug":"our-team","status":"publish","type":"page","link":"https:\/\/aplantex.ca\/en\/our-team\/","title":{"rendered":"Our team"},"content":{"rendered":"","protected":false},"excerpt":{"rendered":"","protected":false},"author":1,"featured_media":0,"parent":0,"menu_order":0,"comment_status":"closed","ping_status":"closed","template":"template-team.php","meta":{"_acf_changed":false,"footnotes":""},"class_list":["post-398","page","type-page","status-publish","hentry"],"acf":[],"yoast_head":"<!-- This site is optimized with the Yoast SEO plugin v27.1.1 - https:\/\/yoast.com\/product\/yoast-seo-wordpress\/ -->\n<title>Our team - Aplantex<\/title>\n<meta name=\"robots\" content=\"index, follow, max-snippet:-1, max-image-preview:large, max-video-preview:-1\" \/>\n<link rel=\"canonical\" href=\"https:\/\/aplantex.ca\/en\/our-team\/\" \/>\n<meta property=\"og:locale\" content=\"en_US\" \/>\n<meta property=\"og:type\" content=\"article\" \/>\n<meta property=\"og:title\" content=\"Our team - Aplantex\" \/>\n<meta property=\"og:description\" content=\"Aplantex est le fruit du travail innovant d\u2019une \u00e9quipe multidisciplinaire d\u00e9termin\u00e9e \u00e0 simplifier et \u00e9largir l\u2019acc\u00e8s aux mol\u00e9cules bioactives des plantes b\u00e9n\u00e9fiques au bien-\u00eatre et \u00e0 la sant\u00e9.\" \/>\n<meta property=\"og:url\" content=\"https:\/\/aplantex.ca\/en\/our-team\/\" \/>\n<meta property=\"og:site_name\" content=\"Aplantex\" \/>\n<meta property=\"article:publisher\" content=\"https:\/\/www.facebook.com\/Aplantex\/\" \/>\n<meta property=\"article:modified_time\" content=\"2023-02-03T20:21:14+00:00\" \/>\n<meta property=\"og:image\" content=\"https:\/\/aplantex.ca\/wp-content\/uploads\/2023\/01\/APLANTEX_FB_Cover.jpg\" \/>\n\t<meta property=\"og:image:width\" content=\"820\" \/>\n\t<meta property=\"og:image:height\" content=\"360\" \/>\n\t<meta property=\"og:image:type\" content=\"image\/jpeg\" \/>\n<meta name=\"twitter:card\" content=\"summary_large_image\" \/>\n<meta name=\"twitter:title\" content=\"Our team - Aplantex\" \/>\n<meta name=\"twitter:description\" content=\"Aplantex est le fruit du travail innovant d\u2019une \u00e9quipe multidisciplinaire d\u00e9termin\u00e9e \u00e0 simplifier et \u00e9largir l\u2019acc\u00e8s aux mol\u00e9cules bioactives des plantes b\u00e9n\u00e9fiques au bien-\u00eatre et \u00e0 la sant\u00e9.\" \/>\n<meta name=\"twitter:image\" content=\"https:\/\/aplantex.ca\/wp-content\/uploads\/2023\/01\/APLANTEX_FB_Cover.jpg\" \/>\n<meta name=\"twitter:site\" content=\"@AplantexCanada\" \/>\n<script type=\"application\/ld+json\" class=\"yoast-schema-graph\">{\"@context\":\"https:\/\/schema.org\",\"@graph\":[{\"@type\":\"WebPage\",\"@id\":\"https:\/\/aplantex.ca\/en\/our-team\/\",\"url\":\"https:\/\/aplantex.ca\/en\/our-team\/\",\"name\":\"Our team - Aplantex\",\"isPartOf\":{\"@id\":\"https:\/\/aplantex.ca\/en\/#website\"},\"datePublished\":\"2023-01-04T15:49:07+00:00\",\"dateModified\":\"2023-02-03T20:21:14+00:00\",\"breadcrumb\":{\"@id\":\"https:\/\/aplantex.ca\/en\/our-team\/#breadcrumb\"},\"inLanguage\":\"en-US\",\"potentialAction\":[{\"@type\":\"ReadAction\",\"target\":[\"https:\/\/aplantex.ca\/en\/our-team\/\"]}]},{\"@type\":\"BreadcrumbList\",\"@id\":\"https:\/\/aplantex.ca\/en\/our-team\/#breadcrumb\",\"itemListElement\":[{\"@type\":\"ListItem\",\"position\":1,\"name\":\"Accueil\",\"item\":\"https:\/\/aplantex.ca\/en\/\"},{\"@type\":\"ListItem\",\"position\":2,\"name\":\"Our team\"}]},{\"@type\":\"WebSite\",\"@id\":\"https:\/\/aplantex.ca\/en\/#website\",\"url\":\"https:\/\/aplantex.ca\/en\/\",\"name\":\"Aplantex\",\"description\":\"L\u2019innovation au c\u0153ur de notre ADN\",\"potentialAction\":[{\"@type\":\"SearchAction\",\"target\":{\"@type\":\"EntryPoint\",\"urlTemplate\":\"https:\/\/aplantex.ca\/en\/?s={search_term_string}\"},\"query-input\":{\"@type\":\"PropertyValueSpecification\",\"valueRequired\":true,\"valueName\":\"search_term_string\"}}],\"inLanguage\":\"en-US\"}]}<\/script>\n<!-- \/ Yoast SEO plugin. -->","yoast_head_json":{"title":"Our team - Aplantex","robots":{"index":"index","follow":"follow","max-snippet":"max-snippet:-1","max-image-preview":"max-image-preview:large","max-video-preview":"max-video-preview:-1"},"canonical":"https:\/\/aplantex.ca\/en\/our-team\/","og_locale":"en_US","og_type":"article","og_title":"Our team - Aplantex","og_description":"Aplantex est le fruit du travail innovant d\u2019une \u00e9quipe multidisciplinaire d\u00e9termin\u00e9e \u00e0 simplifier et \u00e9largir l\u2019acc\u00e8s aux mol\u00e9cules bioactives des plantes b\u00e9n\u00e9fiques au bien-\u00eatre et \u00e0 la sant\u00e9.","og_url":"https:\/\/aplantex.ca\/en\/our-team\/","og_site_name":"Aplantex","article_publisher":"https:\/\/www.facebook.com\/Aplantex\/","article_modified_time":"2023-02-03T20:21:14+00:00","og_image":[{"width":820,"height":360,"url":"https:\/\/aplantex.ca\/wp-content\/uploads\/2023\/01\/APLANTEX_FB_Cover.jpg","type":"image\/jpeg"}],"twitter_card":"summary_large_image","twitter_title":"Our team - Aplantex","twitter_description":"Aplantex est le fruit du travail innovant d\u2019une \u00e9quipe multidisciplinaire d\u00e9termin\u00e9e \u00e0 simplifier et \u00e9largir l\u2019acc\u00e8s aux mol\u00e9cules bioactives des plantes b\u00e9n\u00e9fiques au bien-\u00eatre et \u00e0 la sant\u00e9.","twitter_image":"https:\/\/aplantex.ca\/wp-content\/uploads\/2023\/01\/APLANTEX_FB_Cover.jpg","twitter_site":"@AplantexCanada","schema":{"@context":"https:\/\/schema.org","@graph":[{"@type":"WebPage","@id":"https:\/\/aplantex.ca\/en\/our-team\/","url":"https:\/\/aplantex.ca\/en\/our-team\/","name":"Our team - Aplantex","isPartOf":{"@id":"https:\/\/aplantex.ca\/en\/#website"},"datePublished":"2023-01-04T15:49:07+00:00","dateModified":"2023-02-03T20:21:14+00:00","breadcrumb":{"@id":"https:\/\/aplantex.ca\/en\/our-team\/#breadcrumb"},"inLanguage":"en-US","potentialAction":[{"@type":"ReadAction","target":["https:\/\/aplantex.ca\/en\/our-team\/"]}]},{"@type":"BreadcrumbList","@id":"https:\/\/aplantex.ca\/en\/our-team\/#breadcrumb","itemListElement":[{"@type":"ListItem","position":1,"name":"Accueil","item":"https:\/\/aplantex.ca\/en\/"},{"@type":"ListItem","position":2,"name":"Our team"}]},{"@type":"WebSite","@id":"https:\/\/aplantex.ca\/en\/#website","url":"https:\/\/aplantex.ca\/en\/","name":"Aplantex","description":"L\u2019innovation au c\u0153ur de notre ADN","potentialAction":[{"@type":"SearchAction","target":{"@type":"EntryPoint","urlTemplate":"https:\/\/aplantex.ca\/en\/?s={search_term_string}"},"query-input":{"@type":"PropertyValueSpecification","valueRequired":true,"valueName":"search_term_string"}}],"inLanguage":"en-US"}]}},"_links":{"self":[{"href":"https:\/\/aplantex.ca\/en\/wp-json\/wp\/v2\/pages\/398","targetHints":{"allow":["GET"]}}],"collection":[{"href":"https:\/\/aplantex.ca\/en\/wp-json\/wp\/v2\/pages"}],"about":[{"href":"https:\/\/aplantex.ca\/en\/wp-json\/wp\/v2\/types\/page"}],"author":[{"embeddable":true,"href":"https:\/\/aplantex.ca\/en\/wp-json\/wp\/v2\/users\/1"}],"replies":[{"embeddable":true,"href":"https:\/\/aplantex.ca\/en\/wp-json\/wp\/v2\/comments?post=398"}],"version-history":[{"count":2,"href":"https:\/\/aplantex.ca\/en\/wp-json\/wp\/v2\/pages\/398\/revisions"}],"predecessor-version":[{"id":456,"href":"https:\/\/aplantex.ca\/en\/wp-json\/wp\/v2\/pages\/398\/revisions\/456"}],"wp:attachment":[{"href":"https:\/\/aplantex.ca\/en\/wp-json\/wp\/v2\/media?parent=398"}],"curies":[{"name":"wp","href":"https:\/\/api.w.org\/{rel}","templated":true}]}}