{"id":396,"date":"2023-01-03T14:10:58","date_gmt":"2023-01-03T19:10:58","guid":{"rendered":"https:\/\/aplantex.ca\/a-propos\/"},"modified":"2024-11-29T15:12:02","modified_gmt":"2024-11-29T20:12:02","slug":"about-us","status":"publish","type":"page","link":"https:\/\/aplantex.ca\/en\/about-us\/","title":{"rendered":"About us"},"content":{"rendered":"","protected":false},"excerpt":{"rendered":"","protected":false},"author":1,"featured_media":0,"parent":0,"menu_order":0,"comment_status":"closed","ping_status":"closed","template":"template-apropos.php","meta":{"_acf_changed":false,"footnotes":""},"class_list":["post-396","page","type-page","status-publish","hentry"],"acf":[],"yoast_head":"<!-- This site is optimized with the Yoast SEO plugin v27.1.1 - https:\/\/yoast.com\/product\/yoast-seo-wordpress\/ -->\n<title>About us - Aplantex<\/title>\n<meta name=\"description\" content=\"We are an innovative green biotechnology company. Learn more about our mission, our values, and our team dedicated to extracting value from biomass.\" \/>\n<meta name=\"robots\" content=\"index, follow, max-snippet:-1, max-image-preview:large, max-video-preview:-1\" \/>\n<link rel=\"canonical\" href=\"https:\/\/aplantex.ca\/en\/about-us\/\" \/>\n<meta property=\"og:locale\" content=\"en_US\" \/>\n<meta property=\"og:type\" content=\"article\" \/>\n<meta property=\"og:title\" content=\"Mission, vision, valeurs - Aplantex\" \/>\n<meta property=\"og:description\" content=\"Entreprise du domaine de la biotechnologie verte, la mission d\u2019Aplantex est d\u2019am\u00e9liorer l\u2019acc\u00e8s aux ingr\u00e9dients phytochimiques qui contribuent \u00e0 notre bien-\u00eatre sur les plans de la sant\u00e9, de la beaut\u00e9 et de l\u2019alimentation et ce \u00e0 co\u00fbt avantageux par rapport aux autres m\u00e9thodes de production de mol\u00e9cules, tout en simplifiant la cha\u00eene d\u2019approvisionnement et en \u0153uvrant en accord avec les principes de la gouvernance environnementale et sociale.\" \/>\n<meta property=\"og:url\" content=\"https:\/\/aplantex.ca\/en\/about-us\/\" \/>\n<meta property=\"og:site_name\" content=\"Aplantex\" \/>\n<meta property=\"article:publisher\" content=\"https:\/\/www.facebook.com\/Aplantex\/\" \/>\n<meta property=\"article:modified_time\" content=\"2024-11-29T20:12:02+00:00\" \/>\n<meta property=\"og:image\" content=\"https:\/\/aplantex.ca\/wp-content\/uploads\/2023\/01\/APLANTEX_FB_Cover.jpg\" \/>\n\t<meta property=\"og:image:width\" content=\"820\" \/>\n\t<meta property=\"og:image:height\" content=\"360\" \/>\n\t<meta property=\"og:image:type\" content=\"image\/jpeg\" \/>\n<meta name=\"twitter:card\" content=\"summary_large_image\" \/>\n<meta name=\"twitter:title\" content=\"Mission, vision, valeurs - Aplantex\" \/>\n<meta name=\"twitter:description\" content=\"Entreprise du domaine de la biotechnologie verte, la mission d\u2019Aplantex est d\u2019am\u00e9liorer l\u2019acc\u00e8s aux ingr\u00e9dients phytochimiques qui contribuent \u00e0 notre bien-\u00eatre sur les plans de la sant\u00e9, de la beaut\u00e9 et de l\u2019alimentation et ce \u00e0 co\u00fbt avantageux par rapport aux autres m\u00e9thodes de production de mol\u00e9cules, tout en simplifiant la cha\u00eene d\u2019approvisionnement et en \u0153uvrant en accord avec les principes de la gouvernance environnementale et sociale.\" \/>\n<meta name=\"twitter:image\" content=\"https:\/\/aplantex.ca\/wp-content\/uploads\/2023\/01\/APLANTEX_FB_Cover.jpg\" \/>\n<meta name=\"twitter:site\" content=\"@AplantexCanada\" \/>\n<script type=\"application\/ld+json\" class=\"yoast-schema-graph\">{\"@context\":\"https:\/\/schema.org\",\"@graph\":[{\"@type\":\"WebPage\",\"@id\":\"https:\/\/aplantex.ca\/en\/about-us\/\",\"url\":\"https:\/\/aplantex.ca\/en\/about-us\/\",\"name\":\"About us - Aplantex\",\"isPartOf\":{\"@id\":\"https:\/\/aplantex.ca\/en\/#website\"},\"datePublished\":\"2023-01-03T19:10:58+00:00\",\"dateModified\":\"2024-11-29T20:12:02+00:00\",\"description\":\"We are an innovative green biotechnology company. Learn more about our mission, our values, and our team dedicated to extracting value from biomass.\",\"breadcrumb\":{\"@id\":\"https:\/\/aplantex.ca\/en\/about-us\/#breadcrumb\"},\"inLanguage\":\"en-US\",\"potentialAction\":[{\"@type\":\"ReadAction\",\"target\":[\"https:\/\/aplantex.ca\/en\/about-us\/\"]}]},{\"@type\":\"BreadcrumbList\",\"@id\":\"https:\/\/aplantex.ca\/en\/about-us\/#breadcrumb\",\"itemListElement\":[{\"@type\":\"ListItem\",\"position\":1,\"name\":\"Accueil\",\"item\":\"https:\/\/aplantex.ca\/en\/\"},{\"@type\":\"ListItem\",\"position\":2,\"name\":\"About us\"}]},{\"@type\":\"WebSite\",\"@id\":\"https:\/\/aplantex.ca\/en\/#website\",\"url\":\"https:\/\/aplantex.ca\/en\/\",\"name\":\"Aplantex\",\"description\":\"L\u2019innovation au c\u0153ur de notre ADN\",\"potentialAction\":[{\"@type\":\"SearchAction\",\"target\":{\"@type\":\"EntryPoint\",\"urlTemplate\":\"https:\/\/aplantex.ca\/en\/?s={search_term_string}\"},\"query-input\":{\"@type\":\"PropertyValueSpecification\",\"valueRequired\":true,\"valueName\":\"search_term_string\"}}],\"inLanguage\":\"en-US\"}]}<\/script>\n<!-- \/ Yoast SEO plugin. -->","yoast_head_json":{"title":"About us - Aplantex","description":"We are an innovative green biotechnology company. Learn more about our mission, our values, and our team dedicated to extracting value from biomass.","robots":{"index":"index","follow":"follow","max-snippet":"max-snippet:-1","max-image-preview":"max-image-preview:large","max-video-preview":"max-video-preview:-1"},"canonical":"https:\/\/aplantex.ca\/en\/about-us\/","og_locale":"en_US","og_type":"article","og_title":"Mission, vision, valeurs - Aplantex","og_description":"Entreprise du domaine de la biotechnologie verte, la mission d\u2019Aplantex est d\u2019am\u00e9liorer l\u2019acc\u00e8s aux ingr\u00e9dients phytochimiques qui contribuent \u00e0 notre bien-\u00eatre sur les plans de la sant\u00e9, de la beaut\u00e9 et de l\u2019alimentation et ce \u00e0 co\u00fbt avantageux par rapport aux autres m\u00e9thodes de production de mol\u00e9cules, tout en simplifiant la cha\u00eene d\u2019approvisionnement et en \u0153uvrant en accord avec les principes de la gouvernance environnementale et sociale.","og_url":"https:\/\/aplantex.ca\/en\/about-us\/","og_site_name":"Aplantex","article_publisher":"https:\/\/www.facebook.com\/Aplantex\/","article_modified_time":"2024-11-29T20:12:02+00:00","og_image":[{"width":820,"height":360,"url":"https:\/\/aplantex.ca\/wp-content\/uploads\/2023\/01\/APLANTEX_FB_Cover.jpg","type":"image\/jpeg"}],"twitter_card":"summary_large_image","twitter_title":"Mission, vision, valeurs - Aplantex","twitter_description":"Entreprise du domaine de la biotechnologie verte, la mission d\u2019Aplantex est d\u2019am\u00e9liorer l\u2019acc\u00e8s aux ingr\u00e9dients phytochimiques qui contribuent \u00e0 notre bien-\u00eatre sur les plans de la sant\u00e9, de la beaut\u00e9 et de l\u2019alimentation et ce \u00e0 co\u00fbt avantageux par rapport aux autres m\u00e9thodes de production de mol\u00e9cules, tout en simplifiant la cha\u00eene d\u2019approvisionnement et en \u0153uvrant en accord avec les principes de la gouvernance environnementale et sociale.","twitter_image":"https:\/\/aplantex.ca\/wp-content\/uploads\/2023\/01\/APLANTEX_FB_Cover.jpg","twitter_site":"@AplantexCanada","schema":{"@context":"https:\/\/schema.org","@graph":[{"@type":"WebPage","@id":"https:\/\/aplantex.ca\/en\/about-us\/","url":"https:\/\/aplantex.ca\/en\/about-us\/","name":"About us - Aplantex","isPartOf":{"@id":"https:\/\/aplantex.ca\/en\/#website"},"datePublished":"2023-01-03T19:10:58+00:00","dateModified":"2024-11-29T20:12:02+00:00","description":"We are an innovative green biotechnology company. Learn more about our mission, our values, and our team dedicated to extracting value from biomass.","breadcrumb":{"@id":"https:\/\/aplantex.ca\/en\/about-us\/#breadcrumb"},"inLanguage":"en-US","potentialAction":[{"@type":"ReadAction","target":["https:\/\/aplantex.ca\/en\/about-us\/"]}]},{"@type":"BreadcrumbList","@id":"https:\/\/aplantex.ca\/en\/about-us\/#breadcrumb","itemListElement":[{"@type":"ListItem","position":1,"name":"Accueil","item":"https:\/\/aplantex.ca\/en\/"},{"@type":"ListItem","position":2,"name":"About us"}]},{"@type":"WebSite","@id":"https:\/\/aplantex.ca\/en\/#website","url":"https:\/\/aplantex.ca\/en\/","name":"Aplantex","description":"L\u2019innovation au c\u0153ur de notre ADN","potentialAction":[{"@type":"SearchAction","target":{"@type":"EntryPoint","urlTemplate":"https:\/\/aplantex.ca\/en\/?s={search_term_string}"},"query-input":{"@type":"PropertyValueSpecification","valueRequired":true,"valueName":"search_term_string"}}],"inLanguage":"en-US"}]}},"_links":{"self":[{"href":"https:\/\/aplantex.ca\/en\/wp-json\/wp\/v2\/pages\/396","targetHints":{"allow":["GET"]}}],"collection":[{"href":"https:\/\/aplantex.ca\/en\/wp-json\/wp\/v2\/pages"}],"about":[{"href":"https:\/\/aplantex.ca\/en\/wp-json\/wp\/v2\/types\/page"}],"author":[{"embeddable":true,"href":"https:\/\/aplantex.ca\/en\/wp-json\/wp\/v2\/users\/1"}],"replies":[{"embeddable":true,"href":"https:\/\/aplantex.ca\/en\/wp-json\/wp\/v2\/comments?post=396"}],"version-history":[{"count":6,"href":"https:\/\/aplantex.ca\/en\/wp-json\/wp\/v2\/pages\/396\/revisions"}],"predecessor-version":[{"id":1525,"href":"https:\/\/aplantex.ca\/en\/wp-json\/wp\/v2\/pages\/396\/revisions\/1525"}],"wp:attachment":[{"href":"https:\/\/aplantex.ca\/en\/wp-json\/wp\/v2\/media?parent=396"}],"curies":[{"name":"wp","href":"https:\/\/api.w.org\/{rel}","templated":true}]}}