{"id":22,"date":"2022-12-14T11:07:27","date_gmt":"2022-12-14T16:07:27","guid":{"rendered":"https:\/\/aplantex.ca\/home-page\/"},"modified":"2026-04-08T10:23:26","modified_gmt":"2026-04-08T14:23:26","slug":"home","status":"publish","type":"page","link":"https:\/\/aplantex.ca\/en\/","title":{"rendered":"Home"},"content":{"rendered":"","protected":false},"excerpt":{"rendered":"","protected":false},"author":1,"featured_media":0,"parent":0,"menu_order":0,"comment_status":"closed","ping_status":"closed","template":"template-home.php","meta":{"_acf_changed":false,"footnotes":""},"class_list":["post-22","page","type-page","status-publish","hentry"],"acf":[],"yoast_head":"<!-- This site is optimized with the Yoast SEO plugin v27.1.1 - https:\/\/yoast.com\/product\/yoast-seo-wordpress\/ -->\n<title>Aplantex | Innovative plant-based active compounds<\/title>\n<meta name=\"description\" content=\"Learn about our green biotechnology platform that uses biomass to produce plant-based molecules and active compounds.\" \/>\n<meta name=\"robots\" content=\"index, follow, max-snippet:-1, max-image-preview:large, max-video-preview:-1\" \/>\n<link rel=\"canonical\" href=\"https:\/\/aplantex.ca\/en\/\" \/>\n<meta property=\"og:locale\" content=\"en_US\" \/>\n<meta property=\"og:type\" content=\"article\" \/>\n<meta property=\"og:title\" content=\"Aplantex - L&#039;innovation au coeur de notre ADN\" \/>\n<meta property=\"og:description\" content=\"Mol\u00e9cules phytochimiques homologu\u00e9es produites en continu au Canada \u00e0 moindre co\u00fbt. L&#039;\u00e9quipe scientifique d\u2019Aplantex a d\u00e9velopp\u00e9 un processus in\u00e9dit de production de mol\u00e9cules certifi\u00e9es d&#039;int\u00e9r\u00eat commercial \u00e0 forte valeur ajout\u00e9e.\" \/>\n<meta property=\"og:url\" content=\"https:\/\/aplantex.ca\/en\/\" \/>\n<meta property=\"og:site_name\" content=\"Aplantex\" \/>\n<meta property=\"article:publisher\" content=\"https:\/\/www.facebook.com\/Aplantex\/\" \/>\n<meta property=\"article:modified_time\" content=\"2026-04-08T14:23:26+00:00\" \/>\n<meta property=\"og:image\" content=\"https:\/\/aplantex.ca\/wp-content\/uploads\/2023\/01\/APLANTEX_FB_Cover.jpg\" \/>\n\t<meta property=\"og:image:width\" content=\"820\" \/>\n\t<meta property=\"og:image:height\" content=\"360\" \/>\n\t<meta property=\"og:image:type\" content=\"image\/jpeg\" \/>\n<meta name=\"twitter:card\" content=\"summary_large_image\" \/>\n<meta name=\"twitter:title\" content=\"Aplantex - L&#039;innovation au coeur de notre ADN\" \/>\n<meta name=\"twitter:description\" content=\"Mol\u00e9cules phytochimiques homologu\u00e9es produites en continu au Canada \u00e0 moindre co\u00fbt. L&#039;\u00e9quipe scientifique d\u2019Aplantex a d\u00e9velopp\u00e9 un processus in\u00e9dit de production de mol\u00e9cules certifi\u00e9es d&#039;int\u00e9r\u00eat commercial \u00e0 forte valeur ajout\u00e9e.\" \/>\n<meta name=\"twitter:image\" content=\"https:\/\/aplantex.ca\/wp-content\/uploads\/2023\/01\/APLANTEX_FB_Cover.jpg\" \/>\n<meta name=\"twitter:site\" content=\"@AplantexCanada\" \/>\n<script type=\"application\/ld+json\" class=\"yoast-schema-graph\">{\"@context\":\"https:\/\/schema.org\",\"@graph\":[{\"@type\":\"WebPage\",\"@id\":\"https:\/\/aplantex.ca\/en\/\",\"url\":\"https:\/\/aplantex.ca\/en\/\",\"name\":\"Aplantex | Innovative plant-based active compounds\",\"isPartOf\":{\"@id\":\"https:\/\/aplantex.ca\/en\/#website\"},\"datePublished\":\"2022-12-14T16:07:27+00:00\",\"dateModified\":\"2026-04-08T14:23:26+00:00\",\"description\":\"Learn about our green biotechnology platform that uses biomass to produce plant-based molecules and active compounds.\",\"breadcrumb\":{\"@id\":\"https:\/\/aplantex.ca\/en\/#breadcrumb\"},\"inLanguage\":\"en-US\",\"potentialAction\":[{\"@type\":\"ReadAction\",\"target\":[\"https:\/\/aplantex.ca\/en\/\"]}]},{\"@type\":\"BreadcrumbList\",\"@id\":\"https:\/\/aplantex.ca\/en\/#breadcrumb\",\"itemListElement\":[{\"@type\":\"ListItem\",\"position\":1,\"name\":\"Accueil\",\"item\":\"https:\/\/aplantex.ca\/en\/\"},{\"@type\":\"ListItem\",\"position\":2,\"name\":\"Home\"}]},{\"@type\":\"WebSite\",\"@id\":\"https:\/\/aplantex.ca\/en\/#website\",\"url\":\"https:\/\/aplantex.ca\/en\/\",\"name\":\"Aplantex\",\"description\":\"L\u2019innovation au c\u0153ur de notre ADN\",\"potentialAction\":[{\"@type\":\"SearchAction\",\"target\":{\"@type\":\"EntryPoint\",\"urlTemplate\":\"https:\/\/aplantex.ca\/en\/?s={search_term_string}\"},\"query-input\":{\"@type\":\"PropertyValueSpecification\",\"valueRequired\":true,\"valueName\":\"search_term_string\"}}],\"inLanguage\":\"en-US\"}]}<\/script>\n<!-- \/ Yoast SEO plugin. -->","yoast_head_json":{"title":"Aplantex | Innovative plant-based active compounds","description":"Learn about our green biotechnology platform that uses biomass to produce plant-based molecules and active compounds.","robots":{"index":"index","follow":"follow","max-snippet":"max-snippet:-1","max-image-preview":"max-image-preview:large","max-video-preview":"max-video-preview:-1"},"canonical":"https:\/\/aplantex.ca\/en\/","og_locale":"en_US","og_type":"article","og_title":"Aplantex - L'innovation au coeur de notre ADN","og_description":"Mol\u00e9cules phytochimiques homologu\u00e9es produites en continu au Canada \u00e0 moindre co\u00fbt. L'\u00e9quipe scientifique d\u2019Aplantex a d\u00e9velopp\u00e9 un processus in\u00e9dit de production de mol\u00e9cules certifi\u00e9es d'int\u00e9r\u00eat commercial \u00e0 forte valeur ajout\u00e9e.","og_url":"https:\/\/aplantex.ca\/en\/","og_site_name":"Aplantex","article_publisher":"https:\/\/www.facebook.com\/Aplantex\/","article_modified_time":"2026-04-08T14:23:26+00:00","og_image":[{"width":820,"height":360,"url":"https:\/\/aplantex.ca\/wp-content\/uploads\/2023\/01\/APLANTEX_FB_Cover.jpg","type":"image\/jpeg"}],"twitter_card":"summary_large_image","twitter_title":"Aplantex - L'innovation au coeur de notre ADN","twitter_description":"Mol\u00e9cules phytochimiques homologu\u00e9es produites en continu au Canada \u00e0 moindre co\u00fbt. L'\u00e9quipe scientifique d\u2019Aplantex a d\u00e9velopp\u00e9 un processus in\u00e9dit de production de mol\u00e9cules certifi\u00e9es d'int\u00e9r\u00eat commercial \u00e0 forte valeur ajout\u00e9e.","twitter_image":"https:\/\/aplantex.ca\/wp-content\/uploads\/2023\/01\/APLANTEX_FB_Cover.jpg","twitter_site":"@AplantexCanada","schema":{"@context":"https:\/\/schema.org","@graph":[{"@type":"WebPage","@id":"https:\/\/aplantex.ca\/en\/","url":"https:\/\/aplantex.ca\/en\/","name":"Aplantex | Innovative plant-based active compounds","isPartOf":{"@id":"https:\/\/aplantex.ca\/en\/#website"},"datePublished":"2022-12-14T16:07:27+00:00","dateModified":"2026-04-08T14:23:26+00:00","description":"Learn about our green biotechnology platform that uses biomass to produce plant-based molecules and active compounds.","breadcrumb":{"@id":"https:\/\/aplantex.ca\/en\/#breadcrumb"},"inLanguage":"en-US","potentialAction":[{"@type":"ReadAction","target":["https:\/\/aplantex.ca\/en\/"]}]},{"@type":"BreadcrumbList","@id":"https:\/\/aplantex.ca\/en\/#breadcrumb","itemListElement":[{"@type":"ListItem","position":1,"name":"Accueil","item":"https:\/\/aplantex.ca\/en\/"},{"@type":"ListItem","position":2,"name":"Home"}]},{"@type":"WebSite","@id":"https:\/\/aplantex.ca\/en\/#website","url":"https:\/\/aplantex.ca\/en\/","name":"Aplantex","description":"L\u2019innovation au c\u0153ur de notre ADN","potentialAction":[{"@type":"SearchAction","target":{"@type":"EntryPoint","urlTemplate":"https:\/\/aplantex.ca\/en\/?s={search_term_string}"},"query-input":{"@type":"PropertyValueSpecification","valueRequired":true,"valueName":"search_term_string"}}],"inLanguage":"en-US"}]}},"_links":{"self":[{"href":"https:\/\/aplantex.ca\/en\/wp-json\/wp\/v2\/pages\/22","targetHints":{"allow":["GET"]}}],"collection":[{"href":"https:\/\/aplantex.ca\/en\/wp-json\/wp\/v2\/pages"}],"about":[{"href":"https:\/\/aplantex.ca\/en\/wp-json\/wp\/v2\/types\/page"}],"author":[{"embeddable":true,"href":"https:\/\/aplantex.ca\/en\/wp-json\/wp\/v2\/users\/1"}],"replies":[{"embeddable":true,"href":"https:\/\/aplantex.ca\/en\/wp-json\/wp\/v2\/comments?post=22"}],"version-history":[{"count":21,"href":"https:\/\/aplantex.ca\/en\/wp-json\/wp\/v2\/pages\/22\/revisions"}],"predecessor-version":[{"id":1969,"href":"https:\/\/aplantex.ca\/en\/wp-json\/wp\/v2\/pages\/22\/revisions\/1969"}],"wp:attachment":[{"href":"https:\/\/aplantex.ca\/en\/wp-json\/wp\/v2\/media?parent=22"}],"curies":[{"name":"wp","href":"https:\/\/api.w.org\/{rel}","templated":true}]}}